{"id":1170,"date":"2026-03-04T07:15:47","date_gmt":"2026-03-04T07:15:47","guid":{"rendered":"https:\/\/mp4-entertainment.com\/?page_id=1170"},"modified":"2026-03-04T07:15:48","modified_gmt":"2026-03-04T07:15:48","slug":"lin-a","status":"publish","type":"page","link":"https:\/\/mp4-entertainment.com\/fr\/lin-a\/","title":{"rendered":"Presskit &#8211; Lin&#8217;A"},"content":{"rendered":"<div class=\"wp-block-columns has-ti-bg-inv-background-color has-background is-layout-flex wp-container-core-columns-is-layout-28f84493 wp-block-columns-is-layout-flex\">\n<div class=\"wp-block-column is-layout-flow wp-block-column-is-layout-flow\">\n<h1 class=\"wp-block-heading has-text-align-center\">Lin&#8217;A<\/h1>\n\n\n\n<h2 class=\"wp-block-heading has-text-align-center\"><strong>Une jeune artiste \u00e9blouissante !<\/strong><\/h2>\n\n\n\n<figure class=\"wp-block-image size-large\"><img fetchpriority=\"high\" decoding=\"async\" width=\"1024\" height=\"599\" src=\"https:\/\/mp4-entertainment.com\/wp-content\/uploads\/2026\/03\/Capture-decran-2026-03-04-a-11.15.26-1024x599.png\" alt=\"\" class=\"wp-image-1171\" srcset=\"https:\/\/mp4-entertainment.com\/wp-content\/uploads\/2026\/03\/Capture-decran-2026-03-04-a-11.15.26-1024x599.png 1024w, https:\/\/mp4-entertainment.com\/wp-content\/uploads\/2026\/03\/Capture-decran-2026-03-04-a-11.15.26-300x176.png 300w, https:\/\/mp4-entertainment.com\/wp-content\/uploads\/2026\/03\/Capture-decran-2026-03-04-a-11.15.26-768x450.png 768w, https:\/\/mp4-entertainment.com\/wp-content\/uploads\/2026\/03\/Capture-decran-2026-03-04-a-11.15.26-18x12.png 18w, https:\/\/mp4-entertainment.com\/wp-content\/uploads\/2026\/03\/Capture-decran-2026-03-04-a-11.15.26.png 1071w\" sizes=\"(max-width: 1024px) 100vw, 1024px\" \/><\/figure>\n\n\n\n<p class=\"has-text-align-center\"><strong>Lin\u2019A<\/strong> est une jeune artiste pop en pleine ascension, port\u00e9e par une sensibilit\u00e9 musicale d\u00e9j\u00e0 tr\u00e8s affirm\u00e9e. Pianiste, cr\u00e9ative et passionn\u00e9e, elle d\u00e9veloppe un univers \u00e0 la crois\u00e9e de la pop moderne, du R&amp;B et d\u2019influences \u00e9lectro actuelles. Tr\u00e8s t\u00f4t, elle choisit l\u2019authenticit\u00e9 comme fil conducteur de son parcours, pr\u00e9f\u00e9rant raconter des \u00e9motions sinc\u00e8res plut\u00f4t que suivre les tendances.<\/p>\n\n\n\n<p class=\"has-text-align-center\">Originaire d\u2019une g\u00e9n\u00e9ration connect\u00e9e mais profond\u00e9ment attach\u00e9e \u00e0 l\u2019expression artistique, <strong>Lin\u2019A<\/strong> partage r\u00e9guli\u00e8rement son quotidien musical avec une communaut\u00e9 fid\u00e8le sur les r\u00e9seaux sociaux. Son univers lumineux et spontan\u00e9 lui permet de tisser un lien direct avec son public.<\/p>\n\n\n\n<p class=\"has-text-align-center\">Son parcours a d\u00e9j\u00e0 connu une \u00e9tape marquante avec un passage remarqu\u00e9 lors du pr\u00e9-casting de <strong>The Voice Kids<\/strong>, une exp\u00e9rience qui a renforc\u00e9 sa d\u00e9termination \u00e0 poursuivre sa route dans la musique. Aujourd\u2019hui, l\u2019artiste continue de construire son identit\u00e9 morceau apr\u00e8s morceau, avec des titres comme <strong>\u00ab Reason Love \u00bb<\/strong>, <strong>\u00ab Kilos de trop \u00bb<\/strong> ou <strong>\u00ab R\u00e9seaux \u00bb<\/strong>. Cette progression constante se refl\u00e8te aussi sur les plateformes, o\u00f9 elle rassemble d\u00e9j\u00e0 plus de <strong>10 000 auditeurs mensuels sur Spotify<\/strong>.<\/p>\n\n\n\n<h2 class=\"wp-block-heading has-text-align-center\">Actualit\u00e9<\/h2>\n\n\n\n<p class=\"has-text-align-center\">Avec <strong>\u00ab Carp\u00e9 Diem \u00bb<\/strong>, produit par <strong>Adryano<\/strong>, <strong>Lin\u2019A<\/strong> propose un titre pop \u00e9lectro vibrant qui c\u00e9l\u00e8bre l\u2019instant pr\u00e9sent. Le morceau s\u2019inspire de ces moments o\u00f9 l\u2019on ressent le besoin de s\u2019\u00e9chapper de la routine pour vivre pleinement, aimer sans retenue et profiter de chaque seconde.<\/p>\n\n\n\n<figure class=\"wp-block-embed is-type-video is-provider-youtube wp-block-embed-youtube wp-embed-aspect-16-9 wp-has-aspect-ratio\"><div class=\"wp-block-embed__wrapper\">\n<iframe title=\"Carp\u00e9 Diem : Marre de la routine ? Carpe Diem,  le son qui te fait danser et r\u00eaver en m\u00eame temps.\" width=\"500\" height=\"281\" src=\"https:\/\/www.youtube.com\/embed\/qjw1_6volh4?feature=oembed\" frameborder=\"0\" allow=\"accelerometer; autoplay; clipboard-write; encrypted-media; gyroscope; picture-in-picture; web-share\" referrerpolicy=\"strict-origin-when-cross-origin\" allowfullscreen><\/iframe>\n<\/div><\/figure>\n\n\n\n<p class=\"has-text-align-center\">Musicalement, le titre repose sur une production \u00e9nergique et lumineuse, o\u00f9 les sonorit\u00e9s \u00e9lectro se m\u00ealent \u00e0 des influences pop et K-pop. La voix douce et sensible de <strong>Lin\u2019A<\/strong> vient contraster avec la puissance de l\u2019instrumentale, cr\u00e9ant un \u00e9quilibre subtil entre \u00e9motion et \u00e9nergie.<\/p>\n\n\n\n<p class=\"has-text-align-center\">\u00c0 travers <strong>\u00ab Carp\u00e9 Diem \u00bb<\/strong>, l\u2019artiste invite simplement \u00e0 vivre maintenant : danser, aimer et saisir les opportunit\u00e9s sans attendre demain. Un morceau \u00e0 la fois intime et f\u00e9d\u00e9rateur, qui confirme l\u2019identit\u00e9 artistique en pleine construction de la chanteuse.<\/p>\n\n\n\n<hr class=\"wp-block-separator aligncenter has-alpha-channel-opacity\"\/>\n\n\n\n<h2 class=\"wp-block-heading has-text-align-center\">Photos<\/h2>\n\n\n\n<p class=\"has-text-align-center\">Si vous avez besoin de photos pour vos articles, n\u2019h\u00e9sitez pas \u00e0 cliquer sur\u00a0<a href=\"https:\/\/drive.google.com\/drive\/folders\/1SfiXHSZmWpBUSXJSDW5kAedoTFRUucyj?usp=sharing\" target=\"_blank\" rel=\"noreferrer noopener\">ce lien<\/a>. Pour toute autre demande, nous contacter \u00e0\u00a0<a href=\"mailto:contact@mp4-entertainment.com\" target=\"_blank\" rel=\"noreferrer noopener\">contac<\/a><a href=\"https:\/\/drive.google.com\/drive\/folders\/1obwWDtVt_qlCm5AWCqNFN-aAl-P6J9Iw\" target=\"_blank\" rel=\"noreferrer noopener\">t<\/a><a href=\"mailto:contact@mp4-entertainment.com\" target=\"_blank\" rel=\"noreferrer noopener\">@mp4-entertainment.com<\/a>.<\/p>\n\n\n\n<figure class=\"wp-block-image aligncenter size-large is-resized\"><a href=\"https:\/\/drive.google.com\/drive\/folders\/1SfiXHSZmWpBUSXJSDW5kAedoTFRUucyj?usp=sharing\" target=\"_blank\" rel=\" noreferrer noopener\"><img decoding=\"async\" width=\"1024\" height=\"576\" src=\"https:\/\/mp4-entertainment.com\/wp-content\/uploads\/2025\/04\/Google-Drive-Embleme-1024x576.png\" alt=\"\" class=\"wp-image-431\" style=\"width:187px;height:auto\" srcset=\"https:\/\/mp4-entertainment.com\/wp-content\/uploads\/2025\/04\/Google-Drive-Embleme-1024x576.png 1024w, https:\/\/mp4-entertainment.com\/wp-content\/uploads\/2025\/04\/Google-Drive-Embleme-300x169.png 300w, https:\/\/mp4-entertainment.com\/wp-content\/uploads\/2025\/04\/Google-Drive-Embleme-768x432.png 768w, https:\/\/mp4-entertainment.com\/wp-content\/uploads\/2025\/04\/Google-Drive-Embleme-1536x864.png 1536w, https:\/\/mp4-entertainment.com\/wp-content\/uploads\/2025\/04\/Google-Drive-Embleme-2048x1152.png 2048w, https:\/\/mp4-entertainment.com\/wp-content\/uploads\/2025\/04\/Google-Drive-Embleme-18x10.png 18w\" sizes=\"(max-width: 1024px) 100vw, 1024px\" \/><\/a><\/figure>\n\n\n\n<hr class=\"wp-block-separator aligncenter has-alpha-channel-opacity\"\/>\n\n\n\n<h2 class=\"wp-block-heading has-text-align-center\"><strong>Lin&#8217;A<\/strong> sur Spotify<\/h2>\n\n\n\n<p class=\"has-text-align-center\">\u00c9coutez <strong><strong>Lin&#8217;A<\/strong> <\/strong>sur Spotify d\u00e8s maintenant !<\/p>\n\n\n\n<figure class=\"wp-block-embed is-type-rich is-provider-spotify wp-block-embed-spotify wp-embed-aspect-21-9 wp-has-aspect-ratio\"><div class=\"wp-block-embed__wrapper\">\n<iframe title=\"Spotify Embed: Lin&amp;apos;A\" style=\"border-radius: 12px\" width=\"100%\" height=\"352\" frameborder=\"0\" allowfullscreen allow=\"autoplay; clipboard-write; encrypted-media; fullscreen; picture-in-picture\" loading=\"lazy\" src=\"https:\/\/open.spotify.com\/embed\/artist\/7tyj0zCSKK1Zuasp30N645?si=eRBA3PXLRNOvj0sk_jAd-Q&amp;utm_source=oembed&amp;utm_medium=social&amp;utm_content=link_in_bio&amp;fbclid=PAZXh0bgNhZW0CMTEAc3J0YwZhcHBfaWQMMjU2MjgxMDQwNTU4AAGnsxziCAqqzMkRQjOnVrE6ZUz4msFOqisdo-nBApnVTaguSsHDEWR2Y-OrTWI_aem_fxf9aDK9Pbdof5Ub0ACQ3w&amp;nd=1&amp;dlsi=01497f9b440346f5\"><\/iframe>\n<\/div><\/figure>\n\n\n\n<p class=\"has-text-align-center\">\u2013 \u2013 \u2013<\/p>\n\n\n\n<p class=\"has-text-align-center\"><strong><strong><strong>Lin&#8217;A<\/strong><\/strong><\/strong> sur les r\u00e9seaux&#8230;<\/p>\n\n\n\n<ul class=\"wp-block-social-links aligncenter has-icon-color is-style-logos-only is-layout-flex wp-container-core-social-links-is-layout-84e2f4d2 wp-block-social-links-is-layout-flex\" style=\"margin-top:var(--wp--preset--spacing--60);margin-bottom:var(--wp--preset--spacing--60)\">\n\n<li style=\"color:#F4F4F4;\" class=\"wp-social-link wp-social-link-instagram has-ti-fg-color wp-block-social-link\"><a href=\"https:\/\/www.instagram.com\/lina_voice57\/reels\/\" class=\"wp-block-social-link-anchor\"><svg width=\"24\" height=\"24\" viewbox=\"0 0 24 24\" version=\"1.1\" xmlns=\"http:\/\/www.w3.org\/2000\/svg\" aria-hidden=\"true\" focusable=\"false\"><path d=\"M12,4.622c2.403,0,2.688,0.009,3.637,0.052c0.877,0.04,1.354,0.187,1.671,0.31c0.42,0.163,0.72,0.358,1.035,0.673 c0.315,0.315,0.51,0.615,0.673,1.035c0.123,0.317,0.27,0.794,0.31,1.671c0.043,0.949,0.052,1.234,0.052,3.637 s-0.009,2.688-0.052,3.637c-0.04,0.877-0.187,1.354-0.31,1.671c-0.163,0.42-0.358,0.72-0.673,1.035 c-0.315,0.315-0.615,0.51-1.035,0.673c-0.317,0.123-0.794,0.27-1.671,0.31c-0.949,0.043-1.233,0.052-3.637,0.052 s-2.688-0.009-3.637-0.052c-0.877-0.04-1.354-0.187-1.671-0.31c-0.42-0.163-0.72-0.358-1.035-0.673 c-0.315-0.315-0.51-0.615-0.673-1.035c-0.123-0.317-0.27-0.794-0.31-1.671C4.631,14.688,4.622,14.403,4.622,12 s0.009-2.688,0.052-3.637c0.04-0.877,0.187-1.354,0.31-1.671c0.163-0.42,0.358-0.72,0.673-1.035 c0.315-0.315,0.615-0.51,1.035-0.673c0.317-0.123,0.794-0.27,1.671-0.31C9.312,4.631,9.597,4.622,12,4.622 M12,3 C9.556,3,9.249,3.01,8.289,3.054C7.331,3.098,6.677,3.25,6.105,3.472C5.513,3.702,5.011,4.01,4.511,4.511 c-0.5,0.5-0.808,1.002-1.038,1.594C3.25,6.677,3.098,7.331,3.054,8.289C3.01,9.249,3,9.556,3,12c0,2.444,0.01,2.751,0.054,3.711 c0.044,0.958,0.196,1.612,0.418,2.185c0.23,0.592,0.538,1.094,1.038,1.594c0.5,0.5,1.002,0.808,1.594,1.038 c0.572,0.222,1.227,0.375,2.185,0.418C9.249,20.99,9.556,21,12,21s2.751-0.01,3.711-0.054c0.958-0.044,1.612-0.196,2.185-0.418 c0.592-0.23,1.094-0.538,1.594-1.038c0.5-0.5,0.808-1.002,1.038-1.594c0.222-0.572,0.375-1.227,0.418-2.185 C20.99,14.751,21,14.444,21,12s-0.01-2.751-0.054-3.711c-0.044-0.958-0.196-1.612-0.418-2.185c-0.23-0.592-0.538-1.094-1.038-1.594 c-0.5-0.5-1.002-0.808-1.594-1.038c-0.572-0.222-1.227-0.375-2.185-0.418C14.751,3.01,14.444,3,12,3L12,3z M12,7.378 c-2.552,0-4.622,2.069-4.622,4.622S9.448,16.622,12,16.622s4.622-2.069,4.622-4.622S14.552,7.378,12,7.378z M12,15 c-1.657,0-3-1.343-3-3s1.343-3,3-3s3,1.343,3,3S13.657,15,12,15z M16.804,6.116c-0.596,0-1.08,0.484-1.08,1.08 s0.484,1.08,1.08,1.08c0.596,0,1.08-0.484,1.08-1.08S17.401,6.116,16.804,6.116z\"><\/path><\/svg><span class=\"wp-block-social-link-label screen-reader-text\">Instagram<\/span><\/a><\/li>\n\n<li style=\"color:#F4F4F4;\" class=\"wp-social-link wp-social-link-youtube has-ti-fg-color wp-block-social-link\"><a href=\"https:\/\/www.youtube.com\/@Lina_voice57\" class=\"wp-block-social-link-anchor\"><svg width=\"24\" height=\"24\" viewbox=\"0 0 24 24\" version=\"1.1\" xmlns=\"http:\/\/www.w3.org\/2000\/svg\" aria-hidden=\"true\" focusable=\"false\"><path d=\"M21.8,8.001c0,0-0.195-1.378-0.795-1.985c-0.76-0.797-1.613-0.801-2.004-0.847c-2.799-0.202-6.997-0.202-6.997-0.202 h-0.009c0,0-4.198,0-6.997,0.202C4.608,5.216,3.756,5.22,2.995,6.016C2.395,6.623,2.2,8.001,2.2,8.001S2,9.62,2,11.238v1.517 c0,1.618,0.2,3.237,0.2,3.237s0.195,1.378,0.795,1.985c0.761,0.797,1.76,0.771,2.205,0.855c1.6,0.153,6.8,0.201,6.8,0.201 s4.203-0.006,7.001-0.209c0.391-0.047,1.243-0.051,2.004-0.847c0.6-0.607,0.795-1.985,0.795-1.985s0.2-1.618,0.2-3.237v-1.517 C22,9.62,21.8,8.001,21.8,8.001z M9.935,14.594l-0.001-5.62l5.404,2.82L9.935,14.594z\"><\/path><\/svg><span class=\"wp-block-social-link-label screen-reader-text\">YouTube<\/span><\/a><\/li>\n\n<li style=\"color:#F4F4F4;\" class=\"wp-social-link wp-social-link-spotify has-ti-fg-color wp-block-social-link\"><a href=\"https:\/\/open.spotify.com\/intl-fr\/artist\/7tyj0zCSKK1Zuasp30N645?si=eRBA3PXLRNOvj0sk_jAd-Qu0026utm_source=igu0026utm_medium=socialu0026utm_content=link_in_biou0026fbclid=PAZXh0bgNhZW0CMTEAc3J0YwZhcHBfaWQMMjU2MjgxMDQwNTU4AAGnsxziCAqqzMkRQjOnVrE6ZUz4msFOqisdo-nBApnVTaguSsHDEWR2Y-OrTWI_aem_fxf9aDK9Pbdof5Ub0ACQ3wu0026nd=1u0026dlsi=01497f9b440346f5\" class=\"wp-block-social-link-anchor\"><svg width=\"24\" height=\"24\" viewbox=\"0 0 24 24\" version=\"1.1\" xmlns=\"http:\/\/www.w3.org\/2000\/svg\" aria-hidden=\"true\" focusable=\"false\"><path d=\"M12,2C6.477,2,2,6.477,2,12c0,5.523,4.477,10,10,10c5.523,0,10-4.477,10-10C22,6.477,17.523,2,12,2 M16.586,16.424 c-0.18,0.295-0.563,0.387-0.857,0.207c-2.348-1.435-5.304-1.76-8.785-0.964c-0.335,0.077-0.67-0.133-0.746-0.469 c-0.077-0.335,0.132-0.67,0.469-0.746c3.809-0.871,7.077-0.496,9.713,1.115C16.673,15.746,16.766,16.13,16.586,16.424 M17.81,13.7 c-0.226,0.367-0.706,0.482-1.072,0.257c-2.687-1.652-6.785-2.131-9.965-1.166C6.36,12.917,5.925,12.684,5.8,12.273 C5.675,11.86,5.908,11.425,6.32,11.3c3.632-1.102,8.147-0.568,11.234,1.328C17.92,12.854,18.035,13.335,17.81,13.7 M17.915,10.865 c-3.223-1.914-8.54-2.09-11.618-1.156C5.804,9.859,5.281,9.58,5.131,9.086C4.982,8.591,5.26,8.069,5.755,7.919 c3.532-1.072,9.404-0.865,13.115,1.338c0.445,0.264,0.59,0.838,0.327,1.282C18.933,10.983,18.359,11.129,17.915,10.865\"><\/path><\/svg><span class=\"wp-block-social-link-label screen-reader-text\">Spotify<\/span><\/a><\/li>\n\n<li style=\"color:#F4F4F4;\" class=\"wp-social-link wp-social-link-tiktok has-ti-fg-color wp-block-social-link\"><a href=\"https:\/\/www.tiktok.com\/@lina_voice57\" class=\"wp-block-social-link-anchor\"><svg width=\"24\" height=\"24\" viewbox=\"0 0 32 32\" version=\"1.1\" xmlns=\"http:\/\/www.w3.org\/2000\/svg\" aria-hidden=\"true\" focusable=\"false\"><path d=\"M16.708 0.027c1.745-0.027 3.48-0.011 5.213-0.027 0.105 2.041 0.839 4.12 2.333 5.563 1.491 1.479 3.6 2.156 5.652 2.385v5.369c-1.923-0.063-3.855-0.463-5.6-1.291-0.76-0.344-1.468-0.787-2.161-1.24-0.009 3.896 0.016 7.787-0.025 11.667-0.104 1.864-0.719 3.719-1.803 5.255-1.744 2.557-4.771 4.224-7.88 4.276-1.907 0.109-3.812-0.411-5.437-1.369-2.693-1.588-4.588-4.495-4.864-7.615-0.032-0.667-0.043-1.333-0.016-1.984 0.24-2.537 1.495-4.964 3.443-6.615 2.208-1.923 5.301-2.839 8.197-2.297 0.027 1.975-0.052 3.948-0.052 5.923-1.323-0.428-2.869-0.308-4.025 0.495-0.844 0.547-1.485 1.385-1.819 2.333-0.276 0.676-0.197 1.427-0.181 2.145 0.317 2.188 2.421 4.027 4.667 3.828 1.489-0.016 2.916-0.88 3.692-2.145 0.251-0.443 0.532-0.896 0.547-1.417 0.131-2.385 0.079-4.76 0.095-7.145 0.011-5.375-0.016-10.735 0.025-16.093z\" \/><\/svg><span class=\"wp-block-social-link-label screen-reader-text\">TikTok<\/span><\/a><\/li>\n\n\n\n<\/ul>\n<\/div>\n<\/div>\n\n\n\n<p><\/p>","protected":false},"excerpt":{"rendered":"<p>Lin&#8217;A Une jeune artiste \u00e9blouissante ! Lin\u2019A est une jeune artiste pop en pleine ascension, port\u00e9e par une sensibilit\u00e9 musicale d\u00e9j\u00e0 tr\u00e8s affirm\u00e9e. Pianiste, cr\u00e9ative et passionn\u00e9e, elle d\u00e9veloppe un univers \u00e0 la crois\u00e9e de la pop moderne, du R&amp;B et d\u2019influences \u00e9lectro actuelles. Tr\u00e8s t\u00f4t, elle choisit l\u2019authenticit\u00e9 comme fil conducteur de son parcours, [&hellip;]<\/p>\n","protected":false},"author":1,"featured_media":0,"parent":0,"menu_order":0,"comment_status":"closed","ping_status":"closed","template":"","meta":{"footnotes":""},"class_list":["post-1170","page","type-page","status-publish","hentry"],"yoast_head":"<!-- This site is optimized with the Yoast SEO plugin v27.4 - https:\/\/yoast.com\/product\/yoast-seo-wordpress\/ -->\n<title>Presskit - Lin&#039;A - MP4 Entertainment<\/title>\n<meta name=\"description\" content=\"Lin\u2019A est une jeune artiste pop en pleine ascension, port\u00e9e par une sensibilit\u00e9 musicale d\u00e9j\u00e0 tr\u00e8s affirm\u00e9e. Pianiste, cr\u00e9ative et passionn\u00e9e, elle...\" \/>\n<meta name=\"robots\" content=\"index, follow, max-snippet:-1, max-image-preview:large, max-video-preview:-1\" \/>\n<link rel=\"canonical\" href=\"https:\/\/mp4-entertainment.com\/fr\/lin-a\/\" \/>\n<meta property=\"og:locale\" content=\"fr_FR\" \/>\n<meta property=\"og:type\" content=\"article\" \/>\n<meta property=\"og:title\" content=\"Presskit - Lin&#039;A - MP4 Entertainment\" \/>\n<meta property=\"og:description\" content=\"Lin\u2019A est une jeune artiste pop en pleine ascension, port\u00e9e par une sensibilit\u00e9 musicale d\u00e9j\u00e0 tr\u00e8s affirm\u00e9e. Pianiste, cr\u00e9ative et passionn\u00e9e, elle...\" \/>\n<meta property=\"og:url\" content=\"https:\/\/mp4-entertainment.com\/fr\/lin-a\/\" \/>\n<meta property=\"og:site_name\" content=\"MP4 Entertainment\" \/>\n<meta property=\"article:modified_time\" content=\"2026-03-04T07:15:48+00:00\" \/>\n<meta property=\"og:image\" content=\"https:\/\/mp4-entertainment.com\/wp-content\/uploads\/2026\/03\/Capture-decran-2026-03-04-a-11.15.26.png\" \/>\n\t<meta property=\"og:image:width\" content=\"1071\" \/>\n\t<meta property=\"og:image:height\" content=\"627\" \/>\n\t<meta property=\"og:image:type\" content=\"image\/png\" \/>\n<meta name=\"twitter:card\" content=\"summary_large_image\" \/>\n<meta name=\"twitter:label1\" content=\"Dur\u00e9e de lecture estim\u00e9e\" \/>\n\t<meta name=\"twitter:data1\" content=\"3 minutes\" \/>\n<script type=\"application\/ld+json\" class=\"yoast-schema-graph\">{\"@context\":\"https:\\\/\\\/schema.org\",\"@graph\":[{\"@type\":\"WebPage\",\"@id\":\"https:\\\/\\\/mp4-entertainment.com\\\/lin-a\\\/\",\"url\":\"https:\\\/\\\/mp4-entertainment.com\\\/lin-a\\\/\",\"name\":\"Presskit - Lin'A - MP4 Entertainment\",\"isPartOf\":{\"@id\":\"https:\\\/\\\/mp4-entertainment.com\\\/#website\"},\"primaryImageOfPage\":{\"@id\":\"https:\\\/\\\/mp4-entertainment.com\\\/lin-a\\\/#primaryimage\"},\"image\":{\"@id\":\"https:\\\/\\\/mp4-entertainment.com\\\/lin-a\\\/#primaryimage\"},\"thumbnailUrl\":\"https:\\\/\\\/mp4-entertainment.com\\\/wp-content\\\/uploads\\\/2026\\\/03\\\/Capture-decran-2026-03-04-a-11.15.26-1024x599.png\",\"datePublished\":\"2026-03-04T07:15:47+00:00\",\"dateModified\":\"2026-03-04T07:15:48+00:00\",\"description\":\"Lin\u2019A est une jeune artiste pop en pleine ascension, port\u00e9e par une sensibilit\u00e9 musicale d\u00e9j\u00e0 tr\u00e8s affirm\u00e9e. Pianiste, cr\u00e9ative et passionn\u00e9e, elle...\",\"breadcrumb\":{\"@id\":\"https:\\\/\\\/mp4-entertainment.com\\\/lin-a\\\/#breadcrumb\"},\"inLanguage\":\"fr-FR\",\"potentialAction\":[{\"@type\":\"ReadAction\",\"target\":[\"https:\\\/\\\/mp4-entertainment.com\\\/lin-a\\\/\"]}]},{\"@type\":\"ImageObject\",\"inLanguage\":\"fr-FR\",\"@id\":\"https:\\\/\\\/mp4-entertainment.com\\\/lin-a\\\/#primaryimage\",\"url\":\"https:\\\/\\\/mp4-entertainment.com\\\/wp-content\\\/uploads\\\/2026\\\/03\\\/Capture-decran-2026-03-04-a-11.15.26-1024x599.png\",\"contentUrl\":\"https:\\\/\\\/mp4-entertainment.com\\\/wp-content\\\/uploads\\\/2026\\\/03\\\/Capture-decran-2026-03-04-a-11.15.26-1024x599.png\"},{\"@type\":\"BreadcrumbList\",\"@id\":\"https:\\\/\\\/mp4-entertainment.com\\\/lin-a\\\/#breadcrumb\",\"itemListElement\":[{\"@type\":\"ListItem\",\"position\":1,\"name\":\"Accueil\",\"item\":\"https:\\\/\\\/mp4-entertainment.com\\\/\"},{\"@type\":\"ListItem\",\"position\":2,\"name\":\"Presskit &#8211; Lin&rsquo;A\"}]},{\"@type\":\"WebSite\",\"@id\":\"https:\\\/\\\/mp4-entertainment.com\\\/#website\",\"url\":\"https:\\\/\\\/mp4-entertainment.com\\\/\",\"name\":\"MP4 Entertainment\",\"description\":\"Just another WordPress site\",\"potentialAction\":[{\"@type\":\"SearchAction\",\"target\":{\"@type\":\"EntryPoint\",\"urlTemplate\":\"https:\\\/\\\/mp4-entertainment.com\\\/?s={search_term_string}\"},\"query-input\":{\"@type\":\"PropertyValueSpecification\",\"valueRequired\":true,\"valueName\":\"search_term_string\"}}],\"inLanguage\":\"fr-FR\"}]}<\/script>\n<!-- \/ Yoast SEO plugin. -->","yoast_head_json":{"title":"Presskit - Lin'A - MP4 Entertainment","description":"Lin\u2019A est une jeune artiste pop en pleine ascension, port\u00e9e par une sensibilit\u00e9 musicale d\u00e9j\u00e0 tr\u00e8s affirm\u00e9e. Pianiste, cr\u00e9ative et passionn\u00e9e, elle...","robots":{"index":"index","follow":"follow","max-snippet":"max-snippet:-1","max-image-preview":"max-image-preview:large","max-video-preview":"max-video-preview:-1"},"canonical":"https:\/\/mp4-entertainment.com\/fr\/lin-a\/","og_locale":"fr_FR","og_type":"article","og_title":"Presskit - Lin'A - MP4 Entertainment","og_description":"Lin\u2019A est une jeune artiste pop en pleine ascension, port\u00e9e par une sensibilit\u00e9 musicale d\u00e9j\u00e0 tr\u00e8s affirm\u00e9e. Pianiste, cr\u00e9ative et passionn\u00e9e, elle...","og_url":"https:\/\/mp4-entertainment.com\/fr\/lin-a\/","og_site_name":"MP4 Entertainment","article_modified_time":"2026-03-04T07:15:48+00:00","og_image":[{"width":1071,"height":627,"url":"https:\/\/mp4-entertainment.com\/wp-content\/uploads\/2026\/03\/Capture-decran-2026-03-04-a-11.15.26.png","type":"image\/png"}],"twitter_card":"summary_large_image","twitter_misc":{"Dur\u00e9e de lecture estim\u00e9e":"3 minutes"},"schema":{"@context":"https:\/\/schema.org","@graph":[{"@type":"WebPage","@id":"https:\/\/mp4-entertainment.com\/lin-a\/","url":"https:\/\/mp4-entertainment.com\/lin-a\/","name":"Presskit - Lin'A - MP4 Entertainment","isPartOf":{"@id":"https:\/\/mp4-entertainment.com\/#website"},"primaryImageOfPage":{"@id":"https:\/\/mp4-entertainment.com\/lin-a\/#primaryimage"},"image":{"@id":"https:\/\/mp4-entertainment.com\/lin-a\/#primaryimage"},"thumbnailUrl":"https:\/\/mp4-entertainment.com\/wp-content\/uploads\/2026\/03\/Capture-decran-2026-03-04-a-11.15.26-1024x599.png","datePublished":"2026-03-04T07:15:47+00:00","dateModified":"2026-03-04T07:15:48+00:00","description":"Lin\u2019A est une jeune artiste pop en pleine ascension, port\u00e9e par une sensibilit\u00e9 musicale d\u00e9j\u00e0 tr\u00e8s affirm\u00e9e. Pianiste, cr\u00e9ative et passionn\u00e9e, elle...","breadcrumb":{"@id":"https:\/\/mp4-entertainment.com\/lin-a\/#breadcrumb"},"inLanguage":"fr-FR","potentialAction":[{"@type":"ReadAction","target":["https:\/\/mp4-entertainment.com\/lin-a\/"]}]},{"@type":"ImageObject","inLanguage":"fr-FR","@id":"https:\/\/mp4-entertainment.com\/lin-a\/#primaryimage","url":"https:\/\/mp4-entertainment.com\/wp-content\/uploads\/2026\/03\/Capture-decran-2026-03-04-a-11.15.26-1024x599.png","contentUrl":"https:\/\/mp4-entertainment.com\/wp-content\/uploads\/2026\/03\/Capture-decran-2026-03-04-a-11.15.26-1024x599.png"},{"@type":"BreadcrumbList","@id":"https:\/\/mp4-entertainment.com\/lin-a\/#breadcrumb","itemListElement":[{"@type":"ListItem","position":1,"name":"Accueil","item":"https:\/\/mp4-entertainment.com\/"},{"@type":"ListItem","position":2,"name":"Presskit &#8211; Lin&rsquo;A"}]},{"@type":"WebSite","@id":"https:\/\/mp4-entertainment.com\/#website","url":"https:\/\/mp4-entertainment.com\/","name":"MP4 Entertainment","description":"Just another WordPress site","potentialAction":[{"@type":"SearchAction","target":{"@type":"EntryPoint","urlTemplate":"https:\/\/mp4-entertainment.com\/?s={search_term_string}"},"query-input":{"@type":"PropertyValueSpecification","valueRequired":true,"valueName":"search_term_string"}}],"inLanguage":"fr-FR"}]}},"_links":{"self":[{"href":"https:\/\/mp4-entertainment.com\/fr\/wp-json\/wp\/v2\/pages\/1170","targetHints":{"allow":["GET"]}}],"collection":[{"href":"https:\/\/mp4-entertainment.com\/fr\/wp-json\/wp\/v2\/pages"}],"about":[{"href":"https:\/\/mp4-entertainment.com\/fr\/wp-json\/wp\/v2\/types\/page"}],"author":[{"embeddable":true,"href":"https:\/\/mp4-entertainment.com\/fr\/wp-json\/wp\/v2\/users\/1"}],"replies":[{"embeddable":true,"href":"https:\/\/mp4-entertainment.com\/fr\/wp-json\/wp\/v2\/comments?post=1170"}],"version-history":[{"count":1,"href":"https:\/\/mp4-entertainment.com\/fr\/wp-json\/wp\/v2\/pages\/1170\/revisions"}],"predecessor-version":[{"id":1172,"href":"https:\/\/mp4-entertainment.com\/fr\/wp-json\/wp\/v2\/pages\/1170\/revisions\/1172"}],"wp:attachment":[{"href":"https:\/\/mp4-entertainment.com\/fr\/wp-json\/wp\/v2\/media?parent=1170"}],"curies":[{"name":"wp","href":"https:\/\/api.w.org\/{rel}","templated":true}]}}