{"id":174,"date":"2025-02-08T12:45:29","date_gmt":"2025-02-08T12:45:29","guid":{"rendered":"https:\/\/mp4-entertainment.com\/?page_id=174"},"modified":"2025-02-26T02:46:53","modified_gmt":"2025-02-26T02:46:53","slug":"kvn-ma-gueule","status":"publish","type":"page","link":"https:\/\/mp4-entertainment.com\/fr\/kvn-ma-gueule\/","title":{"rendered":"Rapport de campagne &#8211; KVN"},"content":{"rendered":"\n<h1 class=\"wp-block-heading has-text-align-center\">KVN<\/h1>\n\n\n\n<h2 class=\"wp-block-heading has-text-align-center\">Rapport de campagne<\/h2>\n\n\n\n<p class=\"has-text-align-center\">\u00ab We will Survive \u00bb<\/p>\n\n\n\n<figure class=\"wp-block-embed is-type-rich is-provider-spotify wp-block-embed-spotify wp-embed-aspect-21-9 wp-has-aspect-ratio\"><div class=\"wp-block-embed__wrapper\">\n<iframe title=\"Spotify Embed: We Will Survive\" style=\"border-radius: 12px\" width=\"100%\" height=\"352\" frameborder=\"0\" allowfullscreen allow=\"autoplay; clipboard-write; encrypted-media; fullscreen; picture-in-picture\" loading=\"lazy\" src=\"https:\/\/open.spotify.com\/embed\/album\/28LcHpayqgnaVlDdB0L5t7?si=TOiQeRtNTTierpqahQQ_rQ&#038;utm_source=oembed\"><\/iframe>\n<\/div><\/figure>\n\n\n\n<p class=\"has-text-align-center\">Campagne en cours : 308,845 vues \/ 1 million de vues<\/p>\n\n\n\n\t\t<style>\r\n\t\t#wpsm_progress_b_row_178{\r\n\t    \/*overflow:hidden;*\/\r\n\t    display:block;\r\n\t    width:100%;\r\n\t    border:0px solid #000;\r\n\t    margin-bottom:20px;\r\n        }\r\n\t\t\r\n\t\t<\/style>\r\n\t\t\r\n\t\t<div class=\"wpsm_progress_b_row\" id=\"wpsm_progress_b_row_178\">\r\n\t\t\t<div class=\"row\">\r\n\t\t\t<style>\r\n\r\n#wpsm_progress_b_row_178 .indCol{    \r\n    padding-right: 15px;\r\n    padding-left: 15px;\r\n}\r\n\r\n#wpsm_progress_b_row_178 .wpsm_progress{\r\n    height: 5px;\r\n    border-radius: 0;\r\n    box-shadow: none;\r\n    margin-bottom: 30px;\r\n    overflow: visible;\r\n}\r\n#wpsm_progress_b_row_178 .wpsm_progress .wpsm_progress-pro-bar {\r\n    background: #e5e5e5;\r\n    box-shadow: 0 1px 2px hsla(0, 0%, 0%, 0.1) inset;\r\n    height:4px;\r\n    margin-bottom: 20px;\r\n    margin-top: 25px;\r\n    position: relative;\r\n}\r\n\r\n#wpsm_progress_b_row_178 .wpsm_progress .wpsm_progress-title{\r\n    font-size: 18px;\r\n    font-weight: 300;\r\n\tfont-family: Open Sans;\r\n    color: #000000;\r\n    position: relative;\r\n    top: -28px;\r\n    z-index: 1;\r\n}\r\n#wpsm_progress_b_row_178 .wpsm_progress .wpsm_progress-value{\r\n    float: right;\r\n    \/*margin-top: -30px;*\/\r\n\tfont-size: 18px;\r\n    font-weight: 300;\r\n    color: #ffffff;\r\n\tfont-style: normal;\r\n}\r\n\r\n#wpsm_progress_b_row_178 .wpsm_progress .wpsm_progress-bar {\r\n    background-color: #3398da;\r\n    display: block;\r\n    width: 0;\r\n    height: 100%;\r\n    position: absolute;\r\n    top: 0;\r\n    left: 0;\r\n    transition: width 1s linear 0s;\r\n\tanimation: animate-positive 2s;\r\n}\r\n#wpsm_progress_b_row_178 .wpsm_progress .wpsm_progress-bar:before {\r\n    content: \"\";\r\n    background-color: hsl(0, 0%, 100%);\r\n    border-radius: 50%;\r\n    width: 4px;\r\n    height: 4px;\r\n    position: absolute;\r\n    right: 1px;\r\n    top: 0;\r\n    z-index: 1;\r\n}\r\n#wpsm_progress_b_row_178 .wpsm_progress .wpsm_progress-bar:after {\r\n    content: \"\";\r\n    width: 14px;\r\n    height: 14px;\r\n    background-color : #c1c1c1;\r\n    border-radius: 50%;\r\n    position: absolute;\r\n    right: -4px;\r\n    top: -5px;\r\n}\r\n\r\n\r\n@-webkit-keyframes animate-positive{\r\n    0% { width: 0%; }\r\n}\r\n@keyframes animate-positive{\r\n    0% { width: 0%; }\r\n}\r\n\r\n<\/style>\r\n\t\r\n\t\t\t\t<div class=\"col-md-12 col-sm-6 indCol\">\r\n                   \r\n                <div class=\"wpsm_progress\">\r\n                <div class=\"wpsm_progress-pro-bar\">\r\n                    <span class=\"wpsm_progress-title\">\r\n                        KVN - Ma Gueule                        <span class=\"wpsm_progress-value\">32%<\/span>\r\n                    <\/span>\r\n                    <span class=\"wpsm_progress-bar wow\" style=\"width:32%;\"><\/span>\r\n                <\/div>\r\n            <\/div>\r\n                   \r\n                <\/div>\r\n\r\n\t\t        \r\n\t\t\t<\/div>\r\n\t\t<\/div>\r\n\t\t\r\n\t\t\r\n\t\n\n\n\n<hr class=\"wp-block-separator has-alpha-channel-opacity\"\/>\n\n\n\n<p><strong>[TikTok]<\/strong> &#8211; Les dents de SCH (<a href=\"https:\/\/www.tiktok.com\/@jesuiskvn\/video\/7174439878917164294\">voir la vid\u00e9o<\/a>) : <strong>170,322 vues<\/strong><\/p>\n\n\n\n<p><strong>[Instagram]<\/strong> &#8211; Salt Bae (<a href=\"https:\/\/www.instagram.com\/p\/CCnWOiYiBp8\/?igsh=MTF6NGpqamJ4Nzd0dw==\">voir la vid\u00e9o<\/a>) : <strong>36,524 vues<\/strong><\/p>\n\n\n\n<p><strong>[Instagram]<\/strong> &#8211; Pile ou Face (<a href=\"https:\/\/www.instagram.com\/p\/B-O8AJMizOc\/?igsh=NmZ0dzN2dmVoZWs5\">voir la vid\u00e9o<\/a>) : <strong>102,211 vues<\/strong><\/p>\n","protected":false},"excerpt":{"rendered":"<p>KVN Rapport de campagne \u00ab We will Survive \u00bb Campagne en cours : 308,845 vues \/ 1 million de vues [TikTok] &#8211; Les dents de SCH (voir la vid\u00e9o) : 170,322 vues [Instagram] &#8211; Salt Bae (voir la vid\u00e9o) : 36,524 vues [Instagram] &#8211; Pile ou Face (voir la vid\u00e9o) : 102,211 vues<\/p>\n","protected":false},"author":1,"featured_media":0,"parent":0,"menu_order":0,"comment_status":"closed","ping_status":"closed","template":"","meta":{"footnotes":""},"class_list":["post-174","page","type-page","status-publish","hentry"],"yoast_head":"<!-- This site is optimized with the Yoast SEO plugin v27.4 - https:\/\/yoast.com\/product\/yoast-seo-wordpress\/ -->\n<title>Rapport de campagne - KVN - MP4 Entertainment<\/title>\n<meta name=\"robots\" content=\"index, follow, max-snippet:-1, max-image-preview:large, max-video-preview:-1\" \/>\n<link rel=\"canonical\" href=\"https:\/\/mp4-entertainment.com\/fr\/kvn-ma-gueule\/\" \/>\n<meta property=\"og:locale\" content=\"fr_FR\" \/>\n<meta property=\"og:type\" content=\"article\" \/>\n<meta property=\"og:title\" content=\"Rapport de campagne - KVN - MP4 Entertainment\" \/>\n<meta property=\"og:description\" content=\"KVN Rapport de campagne \u00ab We will Survive \u00bb Campagne en cours : 308,845 vues \/ 1 million de vues [TikTok] &#8211; Les dents de SCH (voir la vid\u00e9o) : 170,322 vues [Instagram] &#8211; Salt Bae (voir la vid\u00e9o) : 36,524 vues [Instagram] &#8211; Pile ou Face (voir la vid\u00e9o) : 102,211 vues\" \/>\n<meta property=\"og:url\" content=\"https:\/\/mp4-entertainment.com\/fr\/kvn-ma-gueule\/\" \/>\n<meta property=\"og:site_name\" content=\"MP4 Entertainment\" \/>\n<meta property=\"article:modified_time\" content=\"2025-02-26T02:46:53+00:00\" \/>\n<meta name=\"twitter:card\" content=\"summary_large_image\" \/>\n<meta name=\"twitter:label1\" content=\"Dur\u00e9e de lecture estim\u00e9e\" \/>\n\t<meta name=\"twitter:data1\" content=\"1 minute\" \/>\n<script type=\"application\/ld+json\" class=\"yoast-schema-graph\">{\"@context\":\"https:\\\/\\\/schema.org\",\"@graph\":[{\"@type\":\"WebPage\",\"@id\":\"https:\\\/\\\/mp4-entertainment.com\\\/kvn-ma-gueule\\\/\",\"url\":\"https:\\\/\\\/mp4-entertainment.com\\\/kvn-ma-gueule\\\/\",\"name\":\"Rapport de campagne - KVN - MP4 Entertainment\",\"isPartOf\":{\"@id\":\"https:\\\/\\\/mp4-entertainment.com\\\/#website\"},\"datePublished\":\"2025-02-08T12:45:29+00:00\",\"dateModified\":\"2025-02-26T02:46:53+00:00\",\"breadcrumb\":{\"@id\":\"https:\\\/\\\/mp4-entertainment.com\\\/kvn-ma-gueule\\\/#breadcrumb\"},\"inLanguage\":\"fr-FR\",\"potentialAction\":[{\"@type\":\"ReadAction\",\"target\":[\"https:\\\/\\\/mp4-entertainment.com\\\/kvn-ma-gueule\\\/\"]}]},{\"@type\":\"BreadcrumbList\",\"@id\":\"https:\\\/\\\/mp4-entertainment.com\\\/kvn-ma-gueule\\\/#breadcrumb\",\"itemListElement\":[{\"@type\":\"ListItem\",\"position\":1,\"name\":\"Accueil\",\"item\":\"https:\\\/\\\/mp4-entertainment.com\\\/\"},{\"@type\":\"ListItem\",\"position\":2,\"name\":\"Rapport de campagne &#8211; KVN\"}]},{\"@type\":\"WebSite\",\"@id\":\"https:\\\/\\\/mp4-entertainment.com\\\/#website\",\"url\":\"https:\\\/\\\/mp4-entertainment.com\\\/\",\"name\":\"MP4 Entertainment\",\"description\":\"Just another WordPress site\",\"potentialAction\":[{\"@type\":\"SearchAction\",\"target\":{\"@type\":\"EntryPoint\",\"urlTemplate\":\"https:\\\/\\\/mp4-entertainment.com\\\/?s={search_term_string}\"},\"query-input\":{\"@type\":\"PropertyValueSpecification\",\"valueRequired\":true,\"valueName\":\"search_term_string\"}}],\"inLanguage\":\"fr-FR\"}]}<\/script>\n<!-- \/ Yoast SEO plugin. -->","yoast_head_json":{"title":"Rapport de campagne - KVN - MP4 Entertainment","robots":{"index":"index","follow":"follow","max-snippet":"max-snippet:-1","max-image-preview":"max-image-preview:large","max-video-preview":"max-video-preview:-1"},"canonical":"https:\/\/mp4-entertainment.com\/fr\/kvn-ma-gueule\/","og_locale":"fr_FR","og_type":"article","og_title":"Rapport de campagne - KVN - MP4 Entertainment","og_description":"KVN Rapport de campagne \u00ab We will Survive \u00bb Campagne en cours : 308,845 vues \/ 1 million de vues [TikTok] &#8211; Les dents de SCH (voir la vid\u00e9o) : 170,322 vues [Instagram] &#8211; Salt Bae (voir la vid\u00e9o) : 36,524 vues [Instagram] &#8211; Pile ou Face (voir la vid\u00e9o) : 102,211 vues","og_url":"https:\/\/mp4-entertainment.com\/fr\/kvn-ma-gueule\/","og_site_name":"MP4 Entertainment","article_modified_time":"2025-02-26T02:46:53+00:00","twitter_card":"summary_large_image","twitter_misc":{"Dur\u00e9e de lecture estim\u00e9e":"1 minute"},"schema":{"@context":"https:\/\/schema.org","@graph":[{"@type":"WebPage","@id":"https:\/\/mp4-entertainment.com\/kvn-ma-gueule\/","url":"https:\/\/mp4-entertainment.com\/kvn-ma-gueule\/","name":"Rapport de campagne - KVN - MP4 Entertainment","isPartOf":{"@id":"https:\/\/mp4-entertainment.com\/#website"},"datePublished":"2025-02-08T12:45:29+00:00","dateModified":"2025-02-26T02:46:53+00:00","breadcrumb":{"@id":"https:\/\/mp4-entertainment.com\/kvn-ma-gueule\/#breadcrumb"},"inLanguage":"fr-FR","potentialAction":[{"@type":"ReadAction","target":["https:\/\/mp4-entertainment.com\/kvn-ma-gueule\/"]}]},{"@type":"BreadcrumbList","@id":"https:\/\/mp4-entertainment.com\/kvn-ma-gueule\/#breadcrumb","itemListElement":[{"@type":"ListItem","position":1,"name":"Accueil","item":"https:\/\/mp4-entertainment.com\/"},{"@type":"ListItem","position":2,"name":"Rapport de campagne &#8211; KVN"}]},{"@type":"WebSite","@id":"https:\/\/mp4-entertainment.com\/#website","url":"https:\/\/mp4-entertainment.com\/","name":"MP4 Entertainment","description":"Just another WordPress site","potentialAction":[{"@type":"SearchAction","target":{"@type":"EntryPoint","urlTemplate":"https:\/\/mp4-entertainment.com\/?s={search_term_string}"},"query-input":{"@type":"PropertyValueSpecification","valueRequired":true,"valueName":"search_term_string"}}],"inLanguage":"fr-FR"}]}},"_links":{"self":[{"href":"https:\/\/mp4-entertainment.com\/fr\/wp-json\/wp\/v2\/pages\/174","targetHints":{"allow":["GET"]}}],"collection":[{"href":"https:\/\/mp4-entertainment.com\/fr\/wp-json\/wp\/v2\/pages"}],"about":[{"href":"https:\/\/mp4-entertainment.com\/fr\/wp-json\/wp\/v2\/types\/page"}],"author":[{"embeddable":true,"href":"https:\/\/mp4-entertainment.com\/fr\/wp-json\/wp\/v2\/users\/1"}],"replies":[{"embeddable":true,"href":"https:\/\/mp4-entertainment.com\/fr\/wp-json\/wp\/v2\/comments?post=174"}],"version-history":[{"count":10,"href":"https:\/\/mp4-entertainment.com\/fr\/wp-json\/wp\/v2\/pages\/174\/revisions"}],"predecessor-version":[{"id":212,"href":"https:\/\/mp4-entertainment.com\/fr\/wp-json\/wp\/v2\/pages\/174\/revisions\/212"}],"wp:attachment":[{"href":"https:\/\/mp4-entertainment.com\/fr\/wp-json\/wp\/v2\/media?parent=174"}],"curies":[{"name":"wp","href":"https:\/\/api.w.org\/{rel}","templated":true}]}}