{"id":388,"date":"2025-03-22T05:02:04","date_gmt":"2025-03-22T05:02:04","guid":{"rendered":"https:\/\/mp4-entertainment.com\/?page_id=388"},"modified":"2025-03-22T05:02:05","modified_gmt":"2025-03-22T05:02:05","slug":"management","status":"publish","type":"page","link":"https:\/\/mp4-entertainment.com\/fr\/management\/","title":{"rendered":""},"content":{"rendered":"<p>Besoin d'un manageur pour t'accompagner au quotidien dans le d\u00e9vellopement de ton projet artistique ? Tu peux compter sur nous !<\/p>\n\n\n\n<div class=\"wp-block-columns has-background is-layout-flex wp-container-core-columns-is-layout-28f84493 wp-block-columns-is-layout-flex\" style=\"background-color:#252525\">\n<div class=\"wp-block-column is-layout-flow wp-block-column-is-layout-flow\">\n<h2 class=\"wp-block-heading has-text-align-center\">Formule \"Management\"<\/h2>\n\n\n\n<p class=\"has-text-align-center\">150\u20ac\/mois - Pas d'engagement<\/p>\n\n\n\n<p class=\"has-text-align-center\">Notre formule \"Management\" est une solution int\u00e9ressante pour les artistes qui souhaitent g\u00e9rer eux-m\u00eame leur promotion et d\u00e9velopper leur projet \u00e0 moindre cout. Avec ce pack, tu as \u00e0 ta disposition...<\/p>\n\n\n\n<ul class=\"wp-block-list\">\n<li>Un manageur d\u00e9di\u00e9 joignable 6j\/7 via Whatsapp pour te conseiller, te motiver et te faire avancer ! Il peut aussi r\u00e9pondre aux appels et mails entrants pour toi si tu le souhaites.<\/li>\n\n\n\n<li>Gestion de tes droits d'auteur\/compositeur et interpr\u00e8te (SACEM, ADAMI, etc...).<\/li>\n\n\n\n<li>Gestion de tes sorties via Distribution Digitale (Tunecore, Distrokid, etc...).<\/li>\n\n\n\n<li>Des conseils avis\u00e9s livr\u00e9s r\u00e9guli\u00e8rement pour mener \u00e0 bien ta promotion (Sourcing pour cr\u00e9ation de vid\u00e9os TikTok, contacts, plan de communication, id\u00e9es cr\u00e9atives, etc...).<\/li>\n<\/ul>\n\n\n\n<div class=\"wp-block-buttons is-content-justification-center is-layout-flex wp-container-core-buttons-is-layout-a89b3969 wp-block-buttons-is-layout-flex\">\n<div class=\"wp-block-button\"><a class=\"wp-block-button__link has-text-align-center wp-element-button\">Acheter<\/a><\/div>\n<\/div>\n<\/div>\n<\/div>\n\n\n\n<hr class=\"wp-block-separator has-alpha-channel-opacity\"\/>\n\n\n\n<h2 class=\"wp-block-heading\">Ce que les artistes en pensent...<\/h2>\n\n\n\n<div class=\"wp-block-columns is-layout-flex wp-container-core-columns-is-layout-28f84493 wp-block-columns-is-layout-flex\">\n<div class=\"wp-block-column is-layout-flow wp-block-column-is-layout-flow\">\n<div class=\"wp-block-group is-nowrap is-layout-flex wp-container-core-group-is-layout-6c531013 wp-block-group-is-layout-flex\">\n<div class=\"wp-block-group has-black-background-color has-background is-vertical is-layout-flex wp-container-core-group-is-layout-9ae43232 wp-block-group-is-layout-flex\" style=\"padding-top:var(--wp--preset--spacing--20);padding-right:var(--wp--preset--spacing--20);padding-bottom:var(--wp--preset--spacing--20);padding-left:var(--wp--preset--spacing--20)\">\n<figure class=\"wp-block-image size-full\"><img fetchpriority=\"high\" decoding=\"async\" width=\"676\" height=\"676\" src=\"https:\/\/mp4-entertainment.com\/wp-content\/uploads\/2025\/03\/Capture-decran-2025-03-19-a-17.43.18.png\" alt=\"\" class=\"wp-image-287\" srcset=\"https:\/\/mp4-entertainment.com\/wp-content\/uploads\/2025\/03\/Capture-decran-2025-03-19-a-17.43.18.png 676w, https:\/\/mp4-entertainment.com\/wp-content\/uploads\/2025\/03\/Capture-decran-2025-03-19-a-17.43.18-300x300.png 300w, https:\/\/mp4-entertainment.com\/wp-content\/uploads\/2025\/03\/Capture-decran-2025-03-19-a-17.43.18-150x150.png 150w, https:\/\/mp4-entertainment.com\/wp-content\/uploads\/2025\/03\/Capture-decran-2025-03-19-a-17.43.18-12x12.png 12w\" sizes=\"(max-width: 676px) 100vw, 676px\" \/><\/figure>\n\n\n\n<p class=\"has-text-align-center has-small-font-size\">\ud83c\uddeb\ud83c\uddf7 NVM3K : &#8220;C&#8217;est toujours un grand plaisir de bosser avec vous&#8221;.<\/p>\n<\/div>\n<\/div>\n<\/div>\n\n\n\n<div class=\"wp-block-column is-layout-flow wp-block-column-is-layout-flow\">\n<div class=\"wp-block-group is-nowrap is-layout-flex wp-container-core-group-is-layout-6c531013 wp-block-group-is-layout-flex\">\n<div class=\"wp-block-group has-black-background-color has-background is-vertical is-layout-flex wp-container-core-group-is-layout-9ae43232 wp-block-group-is-layout-flex\" style=\"padding-top:var(--wp--preset--spacing--20);padding-right:var(--wp--preset--spacing--20);padding-bottom:var(--wp--preset--spacing--20);padding-left:var(--wp--preset--spacing--20)\">\n<figure class=\"wp-block-image size-full\"><img decoding=\"async\" width=\"468\" height=\"468\" src=\"https:\/\/mp4-entertainment.com\/wp-content\/uploads\/2025\/03\/Capture-decran-2025-03-19-a-17.41.51.png\" alt=\"\" class=\"wp-image-286\" srcset=\"https:\/\/mp4-entertainment.com\/wp-content\/uploads\/2025\/03\/Capture-decran-2025-03-19-a-17.41.51.png 468w, https:\/\/mp4-entertainment.com\/wp-content\/uploads\/2025\/03\/Capture-decran-2025-03-19-a-17.41.51-300x300.png 300w, https:\/\/mp4-entertainment.com\/wp-content\/uploads\/2025\/03\/Capture-decran-2025-03-19-a-17.41.51-150x150.png 150w, https:\/\/mp4-entertainment.com\/wp-content\/uploads\/2025\/03\/Capture-decran-2025-03-19-a-17.41.51-12x12.png 12w\" sizes=\"(max-width: 468px) 100vw, 468px\" \/><\/figure>\n\n\n\n<p class=\"has-text-align-center has-small-font-size\">\ud83c\uddfa\ud83c\uddf8 Dr. Don : &#8220;Thank you for your amazing job!&#8221;.<\/p>\n<\/div>\n<\/div>\n<\/div>\n\n\n\n<div class=\"wp-block-column has-black-background-color has-background is-layout-flow wp-block-column-is-layout-flow\" style=\"padding-top:var(--wp--preset--spacing--20);padding-right:var(--wp--preset--spacing--20);padding-bottom:var(--wp--preset--spacing--20);padding-left:var(--wp--preset--spacing--20)\">\n<figure class=\"wp-block-image size-full\"><img decoding=\"async\" width=\"601\" height=\"601\" src=\"https:\/\/mp4-entertainment.com\/wp-content\/uploads\/2025\/03\/Capture-decran-2025-03-19-a-17.44.03.png\" alt=\"\" class=\"wp-image-288\" srcset=\"https:\/\/mp4-entertainment.com\/wp-content\/uploads\/2025\/03\/Capture-decran-2025-03-19-a-17.44.03.png 601w, https:\/\/mp4-entertainment.com\/wp-content\/uploads\/2025\/03\/Capture-decran-2025-03-19-a-17.44.03-300x300.png 300w, https:\/\/mp4-entertainment.com\/wp-content\/uploads\/2025\/03\/Capture-decran-2025-03-19-a-17.44.03-150x150.png 150w, https:\/\/mp4-entertainment.com\/wp-content\/uploads\/2025\/03\/Capture-decran-2025-03-19-a-17.44.03-12x12.png 12w\" sizes=\"(max-width: 601px) 100vw, 601px\" \/><\/figure>\n\n\n\n<p class=\"has-text-align-center has-small-font-size\">\ud83c\uddeb\ud83c\uddf7 KVN : &#8220;Merci pour votre travail et votre implication, \u00e7a vaut de l&#8217;or&#8221;.<\/p>\n<\/div>\n\n\n\n<div class=\"wp-block-column has-black-background-color has-background has-small-font-size is-layout-flow wp-block-column-is-layout-flow\" style=\"padding-top:var(--wp--preset--spacing--20);padding-right:var(--wp--preset--spacing--20);padding-bottom:var(--wp--preset--spacing--20);padding-left:var(--wp--preset--spacing--20)\">\n<figure class=\"wp-block-image size-full\"><img loading=\"lazy\" decoding=\"async\" width=\"400\" height=\"400\" src=\"https:\/\/mp4-entertainment.com\/wp-content\/uploads\/2025\/03\/Capture-decran-2025-03-19-a-17.45.12.png\" alt=\"\" class=\"wp-image-289\" srcset=\"https:\/\/mp4-entertainment.com\/wp-content\/uploads\/2025\/03\/Capture-decran-2025-03-19-a-17.45.12.png 400w, https:\/\/mp4-entertainment.com\/wp-content\/uploads\/2025\/03\/Capture-decran-2025-03-19-a-17.45.12-300x300.png 300w, https:\/\/mp4-entertainment.com\/wp-content\/uploads\/2025\/03\/Capture-decran-2025-03-19-a-17.45.12-150x150.png 150w, https:\/\/mp4-entertainment.com\/wp-content\/uploads\/2025\/03\/Capture-decran-2025-03-19-a-17.45.12-12x12.png 12w\" sizes=\"(max-width: 400px) 100vw, 400px\" \/><\/figure>\n\n\n\n<p class=\"has-text-align-center\">\ud83c\uddfa\ud83c\uddf8 Mystic Xperienz : &#8220;Thank you for everything&#8221;.<\/p>\n<\/div>\n<\/div>\n\n\n\n<hr class=\"wp-block-separator has-alpha-channel-opacity\"\/>\n\n\n\n<p class=\"has-text-align-center\">N'h\u00e9sites pas \u00e0 <a href=\"https:\/\/mp4-entertainment.com\/fr\/contact\/\">nous contacter<\/a> si vous avez d'autres questions sur nos services !<\/p>","protected":false},"excerpt":{"rendered":"<p>Need a manager to support you daily in the development of your artistic project? You can count on us! \u201cManagement\u201d formula $150\/month &#8211; no commitment Our &#8220;Management&#8221; package is an interesting solution for artists who wish to handle their own promotion and develop their project at a lower cost. With this package, you have access [&hellip;]<\/p>\n","protected":false},"author":1,"featured_media":0,"parent":0,"menu_order":0,"comment_status":"closed","ping_status":"closed","template":"","meta":{"footnotes":""},"class_list":["post-388","page","type-page","status-publish","hentry"],"yoast_head":"<!-- This site is optimized with the Yoast SEO plugin v27.4 - https:\/\/yoast.com\/product\/yoast-seo-wordpress\/ -->\n<title>Management - MP4 Entertainment<\/title>\n<meta name=\"description\" content=\"Keen to offer artists high-quality services at affordable prices, MP4 Entertainment provides various packages with decreasing rates.\" \/>\n<meta name=\"robots\" content=\"index, follow, max-snippet:-1, max-image-preview:large, max-video-preview:-1\" \/>\n<link rel=\"canonical\" href=\"https:\/\/mp4-entertainment.com\/fr\/management\/\" \/>\n<meta property=\"og:locale\" content=\"fr_FR\" \/>\n<meta property=\"og:type\" content=\"article\" \/>\n<meta property=\"og:title\" content=\"Management - MP4 Entertainment\" \/>\n<meta property=\"og:description\" content=\"Keen to offer artists high-quality services at affordable prices, MP4 Entertainment provides various packages with decreasing rates.\" \/>\n<meta property=\"og:url\" content=\"https:\/\/mp4-entertainment.com\/fr\/management\/\" \/>\n<meta property=\"og:site_name\" content=\"MP4 Entertainment\" \/>\n<meta property=\"article:modified_time\" content=\"2025-03-22T05:02:05+00:00\" \/>\n<meta property=\"og:image\" content=\"https:\/\/mp4-entertainment.com\/wp-content\/uploads\/2025\/03\/Capture-decran-2025-03-19-a-17.43.18.png\" \/>\n\t<meta property=\"og:image:width\" content=\"676\" \/>\n\t<meta property=\"og:image:height\" content=\"676\" \/>\n\t<meta property=\"og:image:type\" content=\"image\/png\" \/>\n<meta name=\"twitter:card\" content=\"summary_large_image\" \/>\n<meta name=\"twitter:label1\" content=\"Dur\u00e9e de lecture estim\u00e9e\" \/>\n\t<meta name=\"twitter:data1\" content=\"2 minutes\" \/>\n<script type=\"application\/ld+json\" class=\"yoast-schema-graph\">{\"@context\":\"https:\\\/\\\/schema.org\",\"@graph\":[{\"@type\":\"WebPage\",\"@id\":\"https:\\\/\\\/mp4-entertainment.com\\\/management\\\/\",\"url\":\"https:\\\/\\\/mp4-entertainment.com\\\/management\\\/\",\"name\":\"Management - MP4 Entertainment\",\"isPartOf\":{\"@id\":\"https:\\\/\\\/mp4-entertainment.com\\\/#website\"},\"primaryImageOfPage\":{\"@id\":\"https:\\\/\\\/mp4-entertainment.com\\\/management\\\/#primaryimage\"},\"image\":{\"@id\":\"https:\\\/\\\/mp4-entertainment.com\\\/management\\\/#primaryimage\"},\"thumbnailUrl\":\"https:\\\/\\\/mp4-entertainment.com\\\/wp-content\\\/uploads\\\/2025\\\/03\\\/Capture-decran-2025-03-19-a-17.43.18.png\",\"datePublished\":\"2025-03-22T05:02:04+00:00\",\"dateModified\":\"2025-03-22T05:02:05+00:00\",\"description\":\"Keen to offer artists high-quality services at affordable prices, MP4 Entertainment provides various packages with decreasing rates.\",\"breadcrumb\":{\"@id\":\"https:\\\/\\\/mp4-entertainment.com\\\/management\\\/#breadcrumb\"},\"inLanguage\":\"fr-FR\",\"potentialAction\":[{\"@type\":\"ReadAction\",\"target\":[\"https:\\\/\\\/mp4-entertainment.com\\\/management\\\/\"]}]},{\"@type\":\"ImageObject\",\"inLanguage\":\"fr-FR\",\"@id\":\"https:\\\/\\\/mp4-entertainment.com\\\/management\\\/#primaryimage\",\"url\":\"https:\\\/\\\/mp4-entertainment.com\\\/wp-content\\\/uploads\\\/2025\\\/03\\\/Capture-decran-2025-03-19-a-17.43.18.png\",\"contentUrl\":\"https:\\\/\\\/mp4-entertainment.com\\\/wp-content\\\/uploads\\\/2025\\\/03\\\/Capture-decran-2025-03-19-a-17.43.18.png\"},{\"@type\":\"BreadcrumbList\",\"@id\":\"https:\\\/\\\/mp4-entertainment.com\\\/management\\\/#breadcrumb\",\"itemListElement\":[{\"@type\":\"ListItem\",\"position\":1,\"name\":\"Accueil\",\"item\":\"https:\\\/\\\/mp4-entertainment.com\\\/\"},{\"@type\":\"ListItem\",\"position\":2,\"name\":\"Management\"}]},{\"@type\":\"WebSite\",\"@id\":\"https:\\\/\\\/mp4-entertainment.com\\\/#website\",\"url\":\"https:\\\/\\\/mp4-entertainment.com\\\/\",\"name\":\"MP4 Entertainment\",\"description\":\"Just another WordPress site\",\"potentialAction\":[{\"@type\":\"SearchAction\",\"target\":{\"@type\":\"EntryPoint\",\"urlTemplate\":\"https:\\\/\\\/mp4-entertainment.com\\\/?s={search_term_string}\"},\"query-input\":{\"@type\":\"PropertyValueSpecification\",\"valueRequired\":true,\"valueName\":\"search_term_string\"}}],\"inLanguage\":\"fr-FR\"}]}<\/script>\n<!-- \/ Yoast SEO plugin. -->","yoast_head_json":{"title":"Management - MP4 Entertainment","description":"Soucieux de proposer aux artistes des services de haute qualit\u00e9 \u00e0 des prix abordables, MP4 Entertainment propose diff\u00e9rents forfaits avec des tarifs d\u00e9gressifs.","robots":{"index":"index","follow":"follow","max-snippet":"max-snippet:-1","max-image-preview":"max-image-preview:large","max-video-preview":"max-video-preview:-1"},"canonical":"https:\/\/mp4-entertainment.com\/fr\/management\/","og_locale":"fr_FR","og_type":"article","og_title":"Management - MP4 Entertainment","og_description":"Keen to offer artists high-quality services at affordable prices, MP4 Entertainment provides various packages with decreasing rates.","og_url":"https:\/\/mp4-entertainment.com\/fr\/management\/","og_site_name":"MP4 Entertainment","article_modified_time":"2025-03-22T05:02:05+00:00","og_image":[{"width":676,"height":676,"url":"https:\/\/mp4-entertainment.com\/wp-content\/uploads\/2025\/03\/Capture-decran-2025-03-19-a-17.43.18.png","type":"image\/png"}],"twitter_card":"summary_large_image","twitter_misc":{"Dur\u00e9e de lecture estim\u00e9e":"2 minutes"},"schema":{"@context":"https:\/\/schema.org","@graph":[{"@type":"WebPage","@id":"https:\/\/mp4-entertainment.com\/management\/","url":"https:\/\/mp4-entertainment.com\/management\/","name":"Management - MP4 Entertainment","isPartOf":{"@id":"https:\/\/mp4-entertainment.com\/#website"},"primaryImageOfPage":{"@id":"https:\/\/mp4-entertainment.com\/management\/#primaryimage"},"image":{"@id":"https:\/\/mp4-entertainment.com\/management\/#primaryimage"},"thumbnailUrl":"https:\/\/mp4-entertainment.com\/wp-content\/uploads\/2025\/03\/Capture-decran-2025-03-19-a-17.43.18.png","datePublished":"2025-03-22T05:02:04+00:00","dateModified":"2025-03-22T05:02:05+00:00","description":"Soucieux de proposer aux artistes des services de haute qualit\u00e9 \u00e0 des prix abordables, MP4 Entertainment propose diff\u00e9rents forfaits avec des tarifs d\u00e9gressifs.","breadcrumb":{"@id":"https:\/\/mp4-entertainment.com\/management\/#breadcrumb"},"inLanguage":"fr-FR","potentialAction":[{"@type":"ReadAction","target":["https:\/\/mp4-entertainment.com\/management\/"]}]},{"@type":"ImageObject","inLanguage":"fr-FR","@id":"https:\/\/mp4-entertainment.com\/management\/#primaryimage","url":"https:\/\/mp4-entertainment.com\/wp-content\/uploads\/2025\/03\/Capture-decran-2025-03-19-a-17.43.18.png","contentUrl":"https:\/\/mp4-entertainment.com\/wp-content\/uploads\/2025\/03\/Capture-decran-2025-03-19-a-17.43.18.png"},{"@type":"BreadcrumbList","@id":"https:\/\/mp4-entertainment.com\/management\/#breadcrumb","itemListElement":[{"@type":"ListItem","position":1,"name":"Accueil","item":"https:\/\/mp4-entertainment.com\/"},{"@type":"ListItem","position":2,"name":"Management"}]},{"@type":"WebSite","@id":"https:\/\/mp4-entertainment.com\/#website","url":"https:\/\/mp4-entertainment.com\/","name":"MP4 Entertainment","description":"Just another WordPress site","potentialAction":[{"@type":"SearchAction","target":{"@type":"EntryPoint","urlTemplate":"https:\/\/mp4-entertainment.com\/?s={search_term_string}"},"query-input":{"@type":"PropertyValueSpecification","valueRequired":true,"valueName":"search_term_string"}}],"inLanguage":"fr-FR"}]}},"_links":{"self":[{"href":"https:\/\/mp4-entertainment.com\/fr\/wp-json\/wp\/v2\/pages\/388","targetHints":{"allow":["GET"]}}],"collection":[{"href":"https:\/\/mp4-entertainment.com\/fr\/wp-json\/wp\/v2\/pages"}],"about":[{"href":"https:\/\/mp4-entertainment.com\/fr\/wp-json\/wp\/v2\/types\/page"}],"author":[{"embeddable":true,"href":"https:\/\/mp4-entertainment.com\/fr\/wp-json\/wp\/v2\/users\/1"}],"replies":[{"embeddable":true,"href":"https:\/\/mp4-entertainment.com\/fr\/wp-json\/wp\/v2\/comments?post=388"}],"version-history":[{"count":3,"href":"https:\/\/mp4-entertainment.com\/fr\/wp-json\/wp\/v2\/pages\/388\/revisions"}],"predecessor-version":[{"id":392,"href":"https:\/\/mp4-entertainment.com\/fr\/wp-json\/wp\/v2\/pages\/388\/revisions\/392"}],"wp:attachment":[{"href":"https:\/\/mp4-entertainment.com\/fr\/wp-json\/wp\/v2\/media?parent=388"}],"curies":[{"name":"wp","href":"https:\/\/api.w.org\/{rel}","templated":true}]}}