{"id":40,"date":"2024-12-18T13:45:05","date_gmt":"2024-12-18T13:45:05","guid":{"rendered":"https:\/\/mp4-entertainment.com\/?page_id=40"},"modified":"2025-03-18T11:33:05","modified_gmt":"2025-03-18T11:33:05","slug":"contact","status":"publish","type":"page","link":"https:\/\/mp4-entertainment.com\/fr\/contact\/","title":{"rendered":"Nous contacter"},"content":{"rendered":"<p>Si vous souhaitez contacter notre \u00e9quipe, n'h\u00e9sitez pas \u00e0 nous envoyer un e-mail \u00e0 l'adresse suivante <a href=\"mailto:contact@mp4-entertainment.com\" target=\"_blank\" rel=\"noreferrer noopener\">contact@mp4-entertainment.com<\/a>.<\/p>","protected":false},"excerpt":{"rendered":"<p>If you\u2019d like to get in touch with our team, feel free to reach out via email at contact@mp4-entertainment.com.<\/p>","protected":false},"author":1,"featured_media":0,"parent":0,"menu_order":0,"comment_status":"closed","ping_status":"open","template":"","meta":{"footnotes":""},"class_list":["post-40","page","type-page","status-publish","hentry"],"yoast_head":"<!-- This site is optimized with the Yoast SEO plugin v27.4 - https:\/\/yoast.com\/product\/yoast-seo-wordpress\/ -->\n<title>Contact Us - MP4 Entertainment<\/title>\n<meta name=\"robots\" content=\"index, follow, max-snippet:-1, max-image-preview:large, max-video-preview:-1\" \/>\n<link rel=\"canonical\" href=\"https:\/\/mp4-entertainment.com\/fr\/contact\/\" \/>\n<meta property=\"og:locale\" content=\"fr_FR\" \/>\n<meta property=\"og:type\" content=\"article\" \/>\n<meta property=\"og:title\" content=\"Contact Us - MP4 Entertainment\" \/>\n<meta property=\"og:description\" content=\"If you\u2019d like to get in touch with our team, feel free to reach out via email at contact@mp4-entertainment.com.\" \/>\n<meta property=\"og:url\" content=\"https:\/\/mp4-entertainment.com\/fr\/contact\/\" \/>\n<meta property=\"og:site_name\" content=\"MP4 Entertainment\" \/>\n<meta property=\"article:modified_time\" content=\"2025-03-18T11:33:05+00:00\" \/>\n<meta name=\"twitter:card\" content=\"summary_large_image\" \/>\n<meta name=\"twitter:label1\" content=\"Dur\u00e9e de lecture estim\u00e9e\" \/>\n\t<meta name=\"twitter:data1\" content=\"1 minute\" \/>\n<script type=\"application\/ld+json\" class=\"yoast-schema-graph\">{\"@context\":\"https:\\\/\\\/schema.org\",\"@graph\":[{\"@type\":\"WebPage\",\"@id\":\"https:\\\/\\\/mp4-entertainment.com\\\/contact\\\/\",\"url\":\"https:\\\/\\\/mp4-entertainment.com\\\/contact\\\/\",\"name\":\"Contact Us - MP4 Entertainment\",\"isPartOf\":{\"@id\":\"https:\\\/\\\/mp4-entertainment.com\\\/#website\"},\"datePublished\":\"2024-12-18T13:45:05+00:00\",\"dateModified\":\"2025-03-18T11:33:05+00:00\",\"breadcrumb\":{\"@id\":\"https:\\\/\\\/mp4-entertainment.com\\\/contact\\\/#breadcrumb\"},\"inLanguage\":\"fr-FR\",\"potentialAction\":[{\"@type\":\"ReadAction\",\"target\":[\"https:\\\/\\\/mp4-entertainment.com\\\/contact\\\/\"]}]},{\"@type\":\"BreadcrumbList\",\"@id\":\"https:\\\/\\\/mp4-entertainment.com\\\/contact\\\/#breadcrumb\",\"itemListElement\":[{\"@type\":\"ListItem\",\"position\":1,\"name\":\"Accueil\",\"item\":\"https:\\\/\\\/mp4-entertainment.com\\\/\"},{\"@type\":\"ListItem\",\"position\":2,\"name\":\"Contact Us\"}]},{\"@type\":\"WebSite\",\"@id\":\"https:\\\/\\\/mp4-entertainment.com\\\/#website\",\"url\":\"https:\\\/\\\/mp4-entertainment.com\\\/\",\"name\":\"MP4 Entertainment\",\"description\":\"Just another WordPress site\",\"potentialAction\":[{\"@type\":\"SearchAction\",\"target\":{\"@type\":\"EntryPoint\",\"urlTemplate\":\"https:\\\/\\\/mp4-entertainment.com\\\/?s={search_term_string}\"},\"query-input\":{\"@type\":\"PropertyValueSpecification\",\"valueRequired\":true,\"valueName\":\"search_term_string\"}}],\"inLanguage\":\"fr-FR\"}]}<\/script>\n<!-- \/ Yoast SEO plugin. -->","yoast_head_json":{"title":"Contact Us - MP4 Entertainment","robots":{"index":"index","follow":"follow","max-snippet":"max-snippet:-1","max-image-preview":"max-image-preview:large","max-video-preview":"max-video-preview:-1"},"canonical":"https:\/\/mp4-entertainment.com\/fr\/contact\/","og_locale":"fr_FR","og_type":"article","og_title":"Contact Us - MP4 Entertainment","og_description":"If you\u2019d like to get in touch with our team, feel free to reach out via email at contact@mp4-entertainment.com.","og_url":"https:\/\/mp4-entertainment.com\/fr\/contact\/","og_site_name":"MP4 Entertainment","article_modified_time":"2025-03-18T11:33:05+00:00","twitter_card":"summary_large_image","twitter_misc":{"Dur\u00e9e de lecture estim\u00e9e":"1 minute"},"schema":{"@context":"https:\/\/schema.org","@graph":[{"@type":"WebPage","@id":"https:\/\/mp4-entertainment.com\/contact\/","url":"https:\/\/mp4-entertainment.com\/contact\/","name":"Contact Us - MP4 Entertainment","isPartOf":{"@id":"https:\/\/mp4-entertainment.com\/#website"},"datePublished":"2024-12-18T13:45:05+00:00","dateModified":"2025-03-18T11:33:05+00:00","breadcrumb":{"@id":"https:\/\/mp4-entertainment.com\/contact\/#breadcrumb"},"inLanguage":"fr-FR","potentialAction":[{"@type":"ReadAction","target":["https:\/\/mp4-entertainment.com\/contact\/"]}]},{"@type":"BreadcrumbList","@id":"https:\/\/mp4-entertainment.com\/contact\/#breadcrumb","itemListElement":[{"@type":"ListItem","position":1,"name":"Accueil","item":"https:\/\/mp4-entertainment.com\/"},{"@type":"ListItem","position":2,"name":"Contact Us"}]},{"@type":"WebSite","@id":"https:\/\/mp4-entertainment.com\/#website","url":"https:\/\/mp4-entertainment.com\/","name":"MP4 Entertainment","description":"Just another WordPress site","potentialAction":[{"@type":"SearchAction","target":{"@type":"EntryPoint","urlTemplate":"https:\/\/mp4-entertainment.com\/?s={search_term_string}"},"query-input":{"@type":"PropertyValueSpecification","valueRequired":true,"valueName":"search_term_string"}}],"inLanguage":"fr-FR"}]}},"_links":{"self":[{"href":"https:\/\/mp4-entertainment.com\/fr\/wp-json\/wp\/v2\/pages\/40","targetHints":{"allow":["GET"]}}],"collection":[{"href":"https:\/\/mp4-entertainment.com\/fr\/wp-json\/wp\/v2\/pages"}],"about":[{"href":"https:\/\/mp4-entertainment.com\/fr\/wp-json\/wp\/v2\/types\/page"}],"author":[{"embeddable":true,"href":"https:\/\/mp4-entertainment.com\/fr\/wp-json\/wp\/v2\/users\/1"}],"replies":[{"embeddable":true,"href":"https:\/\/mp4-entertainment.com\/fr\/wp-json\/wp\/v2\/comments?post=40"}],"version-history":[{"count":2,"href":"https:\/\/mp4-entertainment.com\/fr\/wp-json\/wp\/v2\/pages\/40\/revisions"}],"predecessor-version":[{"id":269,"href":"https:\/\/mp4-entertainment.com\/fr\/wp-json\/wp\/v2\/pages\/40\/revisions\/269"}],"wp:attachment":[{"href":"https:\/\/mp4-entertainment.com\/fr\/wp-json\/wp\/v2\/media?parent=40"}],"curies":[{"name":"wp","href":"https:\/\/api.w.org\/{rel}","templated":true}]}}